{"id":214,"date":"2017-08-22T16:26:24","date_gmt":"2017-08-22T16:26:24","guid":{"rendered":"http:\/\/polskiinstytuttruskawki.pl\/testowy\/?page_id=214"},"modified":"2017-08-30T15:24:06","modified_gmt":"2017-08-30T15:24:06","slug":"stan","status":"publish","type":"page","link":"https:\/\/polskiinstytuttruskawki.pl\/?page_id=214","title":{"rendered":"Stanis\u0142aw Bogda\u0142"},"content":{"rendered":"<p style=\"text-align: justify;\">Jest pasjonatem nowoczesnego i ekologicznego rolnictwa. Dzi\u0119ki do\u015bwiadczeniu jakie zdoby\u0142 w bran\u017cy budowlanej, a nast\u0119pnie w sektorze ogrodniczo \u2013 rolnym w dniu dzisiejszym jest identyfikowany na rynku polskim, jako jeden z g\u0142\u00f3wnych ekspert\u00f3w w dziedzinie budowy system\u00f3w i uprawy truskawki powtarzaj\u0105cej owocowanie. Od 2009 zajmuje si\u0119 wdra\u017caniem nowatorskich rozwi\u0105za\u0144. Efektem jego dotychczasowych prac s\u0105 min. budowa specjalistycznej maszyny do profilowania rynny uprawowej. W 2015 roku jako w\u0142a\u015bciciel firmy StanFlex otrzyma\u0142 nagrod\u0119 Krajowej Rady Izb Rolniczych za wprowadzanie na rynek polski nowoczesnych technologii.<\/p>\n<p style=\"text-align: justify;\">Stanis\u0142aw odpowiada w projekcie za wyznaczanie kierunk\u00f3w rozwoju, obszar innowacji i prowadzenie plantacji do\u015bwiadczalnej.<\/p>\n","protected":false},"excerpt":{"rendered":"<p>Jest pasjonatem nowoczesnego i ekologicznego rolnictwa. Dzi\u0119ki do\u015bwiadczeniu jakie zdoby\u0142 w bran\u017cy budowlanej, a nast\u0119pnie w sektorze ogrodniczo \u2013 rolnym w dniu dzisiejszym jest identyfikowany na rynku polskim, jako jeden z g\u0142\u00f3wnych ekspert\u00f3w w dziedzinie budowy system\u00f3w i uprawy truskawki powtarzaj\u0105cej owocowanie. Od 2009 zajmuje si\u0119 wdra\u017caniem nowatorskich rozwi\u0105za\u0144. Efektem jego dotychczasowych prac s\u0105 min. budowa specjalistycznej maszyny do profilowania rynny uprawowej. W 2015 roku jako w\u0142a\u015bciciel firmy StanFlex otrzyma\u0142 nagrod\u0119 Krajowej Rady Izb Rolniczych za wprowadzanie na rynek polski nowoczesnych technologii. Stanis\u0142aw odpowiada w projekcie za wyznaczanie kierunk\u00f3w rozwoju, obszar innowacji i prowadzenie plantacji do\u015bwiadczalnej.<\/p>\n","protected":false},"author":1,"featured_media":241,"parent":0,"menu_order":0,"comment_status":"closed","ping_status":"closed","template":"","meta":{"footnotes":""},"_links":{"self":[{"href":"https:\/\/polskiinstytuttruskawki.pl\/index.php?rest_route=\/wp\/v2\/pages\/214"}],"collection":[{"href":"https:\/\/polskiinstytuttruskawki.pl\/index.php?rest_route=\/wp\/v2\/pages"}],"about":[{"href":"https:\/\/polskiinstytuttruskawki.pl\/index.php?rest_route=\/wp\/v2\/types\/page"}],"author":[{"embeddable":true,"href":"https:\/\/polskiinstytuttruskawki.pl\/index.php?rest_route=\/wp\/v2\/users\/1"}],"replies":[{"embeddable":true,"href":"https:\/\/polskiinstytuttruskawki.pl\/index.php?rest_route=%2Fwp%2Fv2%2Fcomments&post=214"}],"version-history":[{"count":9,"href":"https:\/\/polskiinstytuttruskawki.pl\/index.php?rest_route=\/wp\/v2\/pages\/214\/revisions"}],"predecessor-version":[{"id":292,"href":"https:\/\/polskiinstytuttruskawki.pl\/index.php?rest_route=\/wp\/v2\/pages\/214\/revisions\/292"}],"wp:featuredmedia":[{"embeddable":true,"href":"https:\/\/polskiinstytuttruskawki.pl\/index.php?rest_route=\/wp\/v2\/media\/241"}],"wp:attachment":[{"href":"https:\/\/polskiinstytuttruskawki.pl\/index.php?rest_route=%2Fwp%2Fv2%2Fmedia&parent=214"}],"curies":[{"name":"wp","href":"https:\/\/api.w.org\/{rel}","templated":true}]}}